{"id":828,"date":"2023-04-27T22:23:47","date_gmt":"2023-04-27T20:23:47","guid":{"rendered":"https:\/\/gardenzio.com\/?page_id=828"},"modified":"2024-09-17T15:23:08","modified_gmt":"2024-09-17T13:23:08","slug":"marbella","status":"publish","type":"page","link":"https:\/\/gardenzio.com\/sk\/korta\/marbella\/","title":{"rendered":"Marbella"},"content":{"rendered":"","protected":false},"excerpt":{"rendered":"","protected":false},"author":1,"featured_media":0,"parent":1175,"menu_order":0,"comment_status":"closed","ping_status":"closed","template":"","meta":{"footnotes":""},"class_list":["post-828","page","type-page","status-publish","hentry"],"yoast_head":"<!-- This site is optimized with the Yoast SEO plugin v25.5 - https:\/\/yoast.com\/wordpress\/plugins\/seo\/ -->\n<title>Marbella | Exteri\u00e9rov\u00e9 kuchyne GARDENZIO<\/title>\n<meta name=\"robots\" content=\"index, follow, max-snippet:-1, max-image-preview:large, max-video-preview:-1\" \/>\n<link rel=\"canonical\" href=\"https:\/\/gardenzio.com\/sk\/korta\/marbella\/\" \/>\n<meta property=\"og:locale\" content=\"sk_SK\" \/>\n<meta property=\"og:type\" content=\"article\" \/>\n<meta property=\"og:title\" content=\"Marbella | Exteri\u00e9rov\u00e9 kuchyne GARDENZIO\" \/>\n<meta property=\"og:url\" content=\"https:\/\/gardenzio.com\/sk\/korta\/marbella\/\" \/>\n<meta property=\"og:site_name\" content=\"Exteri\u00e9rov\u00e9 kuchyne GARDENZIO\" \/>\n<meta property=\"article:publisher\" content=\"https:\/\/www.facebook.com\/gardenzio.official\" \/>\n<meta property=\"article:modified_time\" content=\"2024-09-17T13:23:08+00:00\" \/>\n<meta name=\"twitter:card\" content=\"summary_large_image\" \/>\n<script type=\"application\/ld+json\" class=\"yoast-schema-graph\">{\"@context\":\"https:\/\/schema.org\",\"@graph\":[{\"@type\":\"WebPage\",\"@id\":\"https:\/\/gardenzio.com\/sk\/korta\/marbella\/\",\"url\":\"https:\/\/gardenzio.com\/sk\/korta\/marbella\/\",\"name\":\"Marbella | Exteri\u00e9rov\u00e9 kuchyne GARDENZIO\",\"isPartOf\":{\"@id\":\"https:\/\/gardenzio.com\/sk\/#website\"},\"datePublished\":\"2023-04-27T20:23:47+00:00\",\"dateModified\":\"2024-09-17T13:23:08+00:00\",\"breadcrumb\":{\"@id\":\"https:\/\/gardenzio.com\/sk\/korta\/marbella\/#breadcrumb\"},\"inLanguage\":\"sk-SK\",\"potentialAction\":[{\"@type\":\"ReadAction\",\"target\":[\"https:\/\/gardenzio.com\/sk\/korta\/marbella\/\"]}]},{\"@type\":\"BreadcrumbList\",\"@id\":\"https:\/\/gardenzio.com\/sk\/korta\/marbella\/#breadcrumb\",\"itemListElement\":[{\"@type\":\"ListItem\",\"position\":1,\"name\":\"Domovsk\u00e1 str\u00e1nka\",\"item\":\"https:\/\/gardenzio.com\/sk\/\"},{\"@type\":\"ListItem\",\"position\":2,\"name\":\"Korta\",\"item\":\"https:\/\/gardenzio.com\/sk\/korta\/\"},{\"@type\":\"ListItem\",\"position\":3,\"name\":\"Marbella\"}]},{\"@type\":\"WebSite\",\"@id\":\"https:\/\/gardenzio.com\/sk\/#website\",\"url\":\"https:\/\/gardenzio.com\/sk\/\",\"name\":\"Exteri\u00e9rov\u00e9 kuchyne GARDENZIO\",\"description\":\"Exteri\u00e9rov\u00e9 kuchyne GARDENZIO\",\"publisher\":{\"@id\":\"https:\/\/gardenzio.com\/sk\/#organization\"},\"potentialAction\":[{\"@type\":\"SearchAction\",\"target\":{\"@type\":\"EntryPoint\",\"urlTemplate\":\"https:\/\/gardenzio.com\/sk\/?s={search_term_string}\"},\"query-input\":{\"@type\":\"PropertyValueSpecification\",\"valueRequired\":true,\"valueName\":\"search_term_string\"}}],\"inLanguage\":\"sk-SK\"},{\"@type\":\"Organization\",\"@id\":\"https:\/\/gardenzio.com\/sk\/#organization\",\"name\":\"Exteri\u00e9rov\u00e9 kuchyne GARDENZIO\",\"url\":\"https:\/\/gardenzio.com\/sk\/\",\"logo\":{\"@type\":\"ImageObject\",\"inLanguage\":\"sk-SK\",\"@id\":\"https:\/\/gardenzio.com\/sk\/#\/schema\/logo\/image\/\",\"url\":\"https:\/\/gardenzio.com\/wp-content\/uploads\/2022\/08\/gardenzio-logo-b.png\",\"contentUrl\":\"https:\/\/gardenzio.com\/wp-content\/uploads\/2022\/08\/gardenzio-logo-b.png\",\"width\":251,\"height\":63,\"caption\":\"Exteri\u00e9rov\u00e9 kuchyne GARDENZIO\"},\"image\":{\"@id\":\"https:\/\/gardenzio.com\/sk\/#\/schema\/logo\/image\/\"},\"sameAs\":[\"https:\/\/www.facebook.com\/gardenzio.official\",\"https:\/\/www.instagram.com\/gardenzio_official\/\"]}]}<\/script>\n<!-- \/ Yoast SEO plugin. -->","yoast_head_json":{"title":"Marbella | Exteri\u00e9rov\u00e9 kuchyne GARDENZIO","robots":{"index":"index","follow":"follow","max-snippet":"max-snippet:-1","max-image-preview":"max-image-preview:large","max-video-preview":"max-video-preview:-1"},"canonical":"https:\/\/gardenzio.com\/sk\/korta\/marbella\/","og_locale":"sk_SK","og_type":"article","og_title":"Marbella | Exteri\u00e9rov\u00e9 kuchyne GARDENZIO","og_url":"https:\/\/gardenzio.com\/sk\/korta\/marbella\/","og_site_name":"Exteri\u00e9rov\u00e9 kuchyne GARDENZIO","article_publisher":"https:\/\/www.facebook.com\/gardenzio.official","article_modified_time":"2024-09-17T13:23:08+00:00","twitter_card":"summary_large_image","schema":{"@context":"https:\/\/schema.org","@graph":[{"@type":"WebPage","@id":"https:\/\/gardenzio.com\/sk\/korta\/marbella\/","url":"https:\/\/gardenzio.com\/sk\/korta\/marbella\/","name":"Marbella | Exteri\u00e9rov\u00e9 kuchyne GARDENZIO","isPartOf":{"@id":"https:\/\/gardenzio.com\/sk\/#website"},"datePublished":"2023-04-27T20:23:47+00:00","dateModified":"2024-09-17T13:23:08+00:00","breadcrumb":{"@id":"https:\/\/gardenzio.com\/sk\/korta\/marbella\/#breadcrumb"},"inLanguage":"sk-SK","potentialAction":[{"@type":"ReadAction","target":["https:\/\/gardenzio.com\/sk\/korta\/marbella\/"]}]},{"@type":"BreadcrumbList","@id":"https:\/\/gardenzio.com\/sk\/korta\/marbella\/#breadcrumb","itemListElement":[{"@type":"ListItem","position":1,"name":"Domovsk\u00e1 str\u00e1nka","item":"https:\/\/gardenzio.com\/sk\/"},{"@type":"ListItem","position":2,"name":"Korta","item":"https:\/\/gardenzio.com\/sk\/korta\/"},{"@type":"ListItem","position":3,"name":"Marbella"}]},{"@type":"WebSite","@id":"https:\/\/gardenzio.com\/sk\/#website","url":"https:\/\/gardenzio.com\/sk\/","name":"Exteri\u00e9rov\u00e9 kuchyne GARDENZIO","description":"Exteri\u00e9rov\u00e9 kuchyne GARDENZIO","publisher":{"@id":"https:\/\/gardenzio.com\/sk\/#organization"},"potentialAction":[{"@type":"SearchAction","target":{"@type":"EntryPoint","urlTemplate":"https:\/\/gardenzio.com\/sk\/?s={search_term_string}"},"query-input":{"@type":"PropertyValueSpecification","valueRequired":true,"valueName":"search_term_string"}}],"inLanguage":"sk-SK"},{"@type":"Organization","@id":"https:\/\/gardenzio.com\/sk\/#organization","name":"Exteri\u00e9rov\u00e9 kuchyne GARDENZIO","url":"https:\/\/gardenzio.com\/sk\/","logo":{"@type":"ImageObject","inLanguage":"sk-SK","@id":"https:\/\/gardenzio.com\/sk\/#\/schema\/logo\/image\/","url":"https:\/\/gardenzio.com\/wp-content\/uploads\/2022\/08\/gardenzio-logo-b.png","contentUrl":"https:\/\/gardenzio.com\/wp-content\/uploads\/2022\/08\/gardenzio-logo-b.png","width":251,"height":63,"caption":"Exteri\u00e9rov\u00e9 kuchyne GARDENZIO"},"image":{"@id":"https:\/\/gardenzio.com\/sk\/#\/schema\/logo\/image\/"},"sameAs":["https:\/\/www.facebook.com\/gardenzio.official","https:\/\/www.instagram.com\/gardenzio_official\/"]}]}},"_links":{"self":[{"href":"https:\/\/gardenzio.com\/sk\/wp-json\/wp\/v2\/pages\/828","targetHints":{"allow":["GET"]}}],"collection":[{"href":"https:\/\/gardenzio.com\/sk\/wp-json\/wp\/v2\/pages"}],"about":[{"href":"https:\/\/gardenzio.com\/sk\/wp-json\/wp\/v2\/types\/page"}],"author":[{"embeddable":true,"href":"https:\/\/gardenzio.com\/sk\/wp-json\/wp\/v2\/users\/1"}],"replies":[{"embeddable":true,"href":"https:\/\/gardenzio.com\/sk\/wp-json\/wp\/v2\/comments?post=828"}],"version-history":[{"count":1,"href":"https:\/\/gardenzio.com\/sk\/wp-json\/wp\/v2\/pages\/828\/revisions"}],"predecessor-version":[{"id":832,"href":"https:\/\/gardenzio.com\/sk\/wp-json\/wp\/v2\/pages\/828\/revisions\/832"}],"up":[{"embeddable":true,"href":"https:\/\/gardenzio.com\/sk\/wp-json\/wp\/v2\/pages\/1175"}],"wp:attachment":[{"href":"https:\/\/gardenzio.com\/sk\/wp-json\/wp\/v2\/media?parent=828"}],"curies":[{"name":"wp","href":"https:\/\/api.w.org\/{rel}","templated":true}]}}